{"id":2,"date":"2021-07-31T13:00:23","date_gmt":"2021-07-31T13:00:23","guid":{"rendered":"https:\/\/100duvida.com.br\/wp100duv\/?page_id=2"},"modified":"2021-07-31T20:31:39","modified_gmt":"2021-07-31T20:31:39","slug":"sample-page","status":"publish","type":"page","link":"https:\/\/100duvida.com.br\/wp100duv\/","title":{"rendered":"100 D\u00favida !!!"},"content":{"rendered":"\n<p class=\"has-text-align-left\"><strong>Aproveite nossa sala e tire suas d\u00favidas. Voc\u00ea s\u00f3 poder\u00e1 entrar ap\u00f3s o moderador abrir a sala, ent\u00e3o fique atento ao agendamento da sua aula, reuni\u00e3o ou um simples bate-papo esclarecedor.<\/strong><\/p>\n","protected":false},"excerpt":{"rendered":"<p>Aproveite nossa sala e tire suas d\u00favidas. Voc\u00ea s\u00f3 poder\u00e1 entrar ap\u00f3s o moderador abrir a sala, ent\u00e3o fique atento ao agendamento da sua aula, reuni\u00e3o ou um simples bate-papo esclarecedor.<\/p>\n","protected":false},"author":1,"featured_media":0,"parent":0,"menu_order":0,"comment_status":"closed","ping_status":"open","template":"","meta":{"footnotes":""},"class_list":["post-2","page","type-page","status-publish","hentry","entry"],"_links":{"self":[{"href":"https:\/\/100duvida.com.br\/wp100duv\/wp-json\/wp\/v2\/pages\/2","targetHints":{"allow":["GET"]}}],"collection":[{"href":"https:\/\/100duvida.com.br\/wp100duv\/wp-json\/wp\/v2\/pages"}],"about":[{"href":"https:\/\/100duvida.com.br\/wp100duv\/wp-json\/wp\/v2\/types\/page"}],"author":[{"embeddable":true,"href":"https:\/\/100duvida.com.br\/wp100duv\/wp-json\/wp\/v2\/users\/1"}],"replies":[{"embeddable":true,"href":"https:\/\/100duvida.com.br\/wp100duv\/wp-json\/wp\/v2\/comments?post=2"}],"version-history":[{"count":4,"href":"https:\/\/100duvida.com.br\/wp100duv\/wp-json\/wp\/v2\/pages\/2\/revisions"}],"predecessor-version":[{"id":41,"href":"https:\/\/100duvida.com.br\/wp100duv\/wp-json\/wp\/v2\/pages\/2\/revisions\/41"}],"wp:attachment":[{"href":"https:\/\/100duvida.com.br\/wp100duv\/wp-json\/wp\/v2\/media?parent=2"}],"curies":[{"name":"wp","href":"https:\/\/api.w.org\/{rel}","templated":true}]}}